{"id":323,"date":"2025-01-05T17:21:06","date_gmt":"2025-01-05T16:21:06","guid":{"rendered":"https:\/\/openfreego.be\/index.php\/registration\/"},"modified":"2025-01-05T17:45:12","modified_gmt":"2025-01-05T16:45:12","slug":"registration","status":"publish","type":"page","link":"https:\/\/openfreego.be\/index.php\/registration\/","title":{"rendered":"S&rsquo;inscrire"},"content":{"rendered":"\t<div class='user-registration ur-frontend-form   ' id='user-registration-form-321'>\n\t\t\t\t\t\t\t\t<form method='post' class='register' data-form-id=\"321\"\n\t\t\t\tdata-enable-strength-password=\"\" data-minimum-password-strength=\"3\"\n\t\t\t\t\t\t\t\t\t\t\t\t\t\t\t data-captcha-enabled=\"\">\n\n\t\t\t\t<div class=\"ur-form-row\" data-row-id=\"0\">\t\t\t\t\t\t\t<div class=\"ur-form-grid ur-grid-1\"\n\t\t\t\t\t\t\t\tstyle=\"width:48%\">\n\t\t\t\t\t\t\t\t\t\t\t\t\t\t\t\t<div  data-field-id=\"first_name\" class=\"ur-field-item field-first_name \" data-ref-id=\"first_name\" data-field-pattern-enabled=\"0\" data-field-pattern-value=\" \" data-field-pattern-message=\" \">\n\t\t\t\t\t\t\t\t\t\t<div class=\"form-row \" id=\"first_name_field\" data-priority=\"\" ><label for=\"first_name\" class=\"ur-label\">Pr\u00e9nom<\/label> <span class=\"input-wrapper\"> <input  data-rules=\"\" data-id=\"first_name\" type=\"text\" class=\"input-text   input-text ur-frontend-field  \" name=\"first_name\" id=\"first_name\" placeholder=\"\"  value=\"\" data-label=\"Pr\u00e9nom\" \/> <\/span> <\/div>\t\t\t\t\t\t\t\t\t<\/div>\n\t\t\t\t\t\t\t\t\t\t\t\t\t\t\t\t\t\t<div  data-field-id=\"input_box_1736094757\" class=\"ur-field-item field-text \" data-ref-id=\"input_box_1736094757\" data-field-pattern-enabled=\"0\" data-field-pattern-value=\" \" data-field-pattern-message=\" \">\n\t\t\t\t\t\t\t\t\t\t<div class=\"form-row \" id=\"input_box_1736094757_field\" data-priority=\"\" ><label for=\"input_box_1736094757\" class=\"ur-label\">Rue<\/label> <span class=\"input-wrapper\"> <input  data-rules=\"\" data-id=\"input_box_1736094757\" type=\"text\" class=\"input-text   input-text ur-frontend-field  \" name=\"input_box_1736094757\" id=\"input_box_1736094757\" placeholder=\"\"  value=\"\" data-label=\"Rue\" \/> <\/span> <\/div>\t\t\t\t\t\t\t\t\t<\/div>\n\t\t\t\t\t\t\t\t\t\t\t\t\t\t\t\t\t\t<div  data-field-id=\"input_box_1736094839\" class=\"ur-field-item field-text \" data-ref-id=\"input_box_1736094839\" data-field-pattern-enabled=\"0\" data-field-pattern-value=\" \" data-field-pattern-message=\" \">\n\t\t\t\t\t\t\t\t\t\t<div class=\"form-row \" id=\"input_box_1736094839_field\" data-priority=\"\" ><label for=\"input_box_1736094839\" class=\"ur-label\">Code Postal<\/label> <span class=\"input-wrapper\"> <input  data-rules=\"\" data-id=\"input_box_1736094839\" type=\"text\" class=\"input-text   input-text ur-frontend-field  \" name=\"input_box_1736094839\" id=\"input_box_1736094839\" placeholder=\"\"  value=\"\" data-label=\"Code Postal\" \/> <\/span> <\/div>\t\t\t\t\t\t\t\t\t<\/div>\n\t\t\t\t\t\t\t\t\t\t\t\t\t\t\t\t\t\t<div  data-field-id=\"input_box_1736094891\" class=\"ur-field-item field-text \" data-ref-id=\"input_box_1736094891\" data-field-pattern-enabled=\"0\" data-field-pattern-value=\" \" data-field-pattern-message=\" \">\n\t\t\t\t\t\t\t\t\t\t<div class=\"form-row \" id=\"input_box_1736094891_field\" data-priority=\"\" ><label for=\"input_box_1736094891\" class=\"ur-label\">Num\u00e9ro de t\u00e9l\u00e9phone<\/label> <span class=\"input-wrapper\"> <input  data-rules=\"\" data-id=\"input_box_1736094891\" type=\"text\" class=\"input-text   input-text ur-frontend-field  \" name=\"input_box_1736094891\" id=\"input_box_1736094891\" placeholder=\"\"  value=\"\" data-label=\"Num\u00e9ro de t\u00e9l\u00e9phone\" \/> <\/span> <\/div>\t\t\t\t\t\t\t\t\t<\/div>\n\t\t\t\t\t\t\t\t\t\t\t\t\t\t\t\t<\/div>\n\t\t\t\t\t\t\t\t\t\t\t\t\t\t<div class=\"ur-form-grid ur-grid-2\"\n\t\t\t\t\t\t\t\tstyle=\"width:48%\">\n\t\t\t\t\t\t\t\t\t\t\t\t\t\t\t\t<div  data-field-id=\"last_name\" class=\"ur-field-item field-last_name \" data-ref-id=\"last_name\" data-field-pattern-enabled=\"0\" data-field-pattern-value=\" \" data-field-pattern-message=\" \">\n\t\t\t\t\t\t\t\t\t\t<div class=\"form-row \" id=\"last_name_field\" data-priority=\"\" ><label for=\"last_name\" class=\"ur-label\">Nom<\/label> <span class=\"input-wrapper\"> <input  data-rules=\"\" data-id=\"last_name\" type=\"text\" class=\"input-text   input-text ur-frontend-field  \" name=\"last_name\" id=\"last_name\" placeholder=\"\"  value=\"\" data-label=\"Nom\" \/> <\/span> <\/div>\t\t\t\t\t\t\t\t\t<\/div>\n\t\t\t\t\t\t\t\t\t\t\t\t\t\t\t\t\t\t<div  data-field-id=\"input_box_1736094817\" class=\"ur-field-item field-text \" data-ref-id=\"input_box_1736094817\" data-field-pattern-enabled=\"0\" data-field-pattern-value=\" \" data-field-pattern-message=\" \">\n\t\t\t\t\t\t\t\t\t\t<div class=\"form-row \" id=\"input_box_1736094817_field\" data-priority=\"\" ><label for=\"input_box_1736094817\" class=\"ur-label\">Num\u00e9ro<\/label> <span class=\"input-wrapper\"> <input  data-rules=\"\" data-id=\"input_box_1736094817\" type=\"text\" class=\"input-text   input-text ur-frontend-field  \" name=\"input_box_1736094817\" id=\"input_box_1736094817\" placeholder=\"\"  value=\"\" data-label=\"Num\u00e9ro\" \/> <\/span> <\/div>\t\t\t\t\t\t\t\t\t<\/div>\n\t\t\t\t\t\t\t\t\t\t\t\t\t\t\t\t\t\t<div  data-field-id=\"input_box_1736094842\" class=\"ur-field-item field-text \" data-ref-id=\"input_box_1736094842\" data-field-pattern-enabled=\"0\" data-field-pattern-value=\" \" data-field-pattern-message=\" \">\n\t\t\t\t\t\t\t\t\t\t<div class=\"form-row \" id=\"input_box_1736094842_field\" data-priority=\"\" ><label for=\"input_box_1736094842\" class=\"ur-label\">Ville<\/label> <span class=\"input-wrapper\"> <input  data-rules=\"\" data-id=\"input_box_1736094842\" type=\"text\" class=\"input-text   input-text ur-frontend-field  \" name=\"input_box_1736094842\" id=\"input_box_1736094842\" placeholder=\"\"  value=\"\" data-label=\"Ville\" \/> <\/span> <\/div>\t\t\t\t\t\t\t\t\t<\/div>\n\t\t\t\t\t\t\t\t\t\t\t\t\t\t\t\t\t\t<div  data-field-id=\"date_box_1736094944\" class=\"ur-field-item field-date \" data-ref-id=\"date_box_1736094944\" data-field-pattern-enabled=\"0\" data-field-pattern-value=\" \" data-field-pattern-message=\" \">\n\t\t\t\t\t\t\t\t\t\t<div class=\"form-row \" id=\"date_box_1736094944_field\" data-priority=\"\" ><label for=\"date_box_1736094944\" class=\"ur-label\">Date de naissance<\/label> <span class=\"input-wrapper\"> <input data-rules=\"\" data-id=\"date_box_1736094944\" type=\"text\" value=\"\" class=\"ur-flatpickr-field regular-text \" readonly placeholder=\"\" data-date-format=\"Y-m-d\" data-locale=\"en\" data-label=\"Date de naissance\" \/><input type=\"hidden\" id=\"formated_date\" value=\"\"\/><input data-rules=\"\" data-id=\"date_box_1736094944\" type=\"text\" data-field-type=\"date\" value=\"\" class=\"input-text input-date ur-frontend-field  \" name=\"date_box_1736094944\" id=\"date_box_1736094944\" placeholder=\"\"  data-date-format=\"Y-m-d\" data-locale=\"en\" data-label=\"Date de naissance\" style=\"display:none\"\/><\/span> <\/div>\t\t\t\t\t\t\t\t\t<\/div>\n\t\t\t\t\t\t\t\t\t\t\t\t\t\t\t\t<\/div>\n\t\t\t\t\t\t\t\t\t\t\t\t\t<\/div>\n\t\t\t\t\t\t<div class=\"ur-form-row\" data-row-id=\"1\">\t\t\t\t\t\t\t<div class=\"ur-form-grid ur-grid-1\"\n\t\t\t\t\t\t\t\tstyle=\"width:48%\">\n\t\t\t\t\t\t\t\t\t\t\t\t\t\t\t\t<div  data-field-id=\"user_email\" class=\"ur-field-item field-user_email \" data-ref-id=\"user_email\" data-field-pattern-enabled=\"0\" data-field-pattern-value=\" \" data-field-pattern-message=\" \">\n\t\t\t\t\t\t\t\t\t\t<div class=\"form-row validate-required\" id=\"user_email_field\" data-priority=\"\" ><label for=\"user_email\" class=\"ur-label\">User Email <abbr class=\"required\" title=\"requis\">*<\/abbr><\/label> <span class=\"input-wrapper\"> <input  data-rules=\"\" data-id=\"user_email\" type=\"email\" class=\"input-text   input-email ur-frontend-field  \" name=\"user_email\" id=\"user_email\" placeholder=\"\"  value=\"\" required=\"required\" data-label=\"User Email\" \/> <\/span> <\/div>\t\t\t\t\t\t\t\t\t<\/div>\n\t\t\t\t\t\t\t\t\t\t\t\t\t\t\t\t\t\t<div  data-field-id=\"user_pass\" class=\"ur-field-item field-user_pass \" data-ref-id=\"user_pass\" data-field-pattern-enabled=\"0\" data-field-pattern-value=\" \" data-field-pattern-message=\" \">\n\t\t\t\t\t\t\t\t\t\t<div class=\"form-row validate-required hide_show_password\" id=\"user_pass_field\" data-priority=\"\"><label for=\"user_pass\" class=\"ur-label\">User Password <abbr class=\"required\" title=\"requis\">*<\/abbr><\/label> <span class=\"input-wrapper\"> <span class=\"password-input-group input-form-field-icons\"><input data-rules=\"\" data-id=\"user_pass\" type=\"password\" class=\"input-text  input-password ur-frontend-field  \" name=\"user_pass\" id=\"user_pass\" placeholder=\"\"  value=\"\" required=\"required\" data-label=\"User Password\" \/><\/span> <\/span> <\/div>\t\t\t\t\t\t\t\t\t<\/div>\n\t\t\t\t\t\t\t\t\t\t\t\t\t\t\t\t<\/div>\n\t\t\t\t\t\t\t\t\t\t\t\t\t\t<div class=\"ur-form-grid ur-grid-2\"\n\t\t\t\t\t\t\t\tstyle=\"width:48%\">\n\t\t\t\t\t\t\t\t\t\t\t\t\t\t<\/div>\n\t\t\t\t\t\t\t\t\t\t\t\t\t<\/div>\n\t\t\t\t\t\t\t\t\t\t\t\t\t\t\t\t\t\t<div class=\"ur-button-container \" >\n\t\t\t\t\t\t\t\t\t\t\t\t\t\t<button type=\"submit\" class=\"btn button ur-submit-button \"  conditional_rules=\"&quot;&quot;\">\n\t\t\t\t\t\t\t\t<span><\/span>\n\t\t\t\t\t\t\t\tSubmit\t\t\t\t\t\t\t<\/button>\n\t\t\t\t\t\t\t\t\t\t\t\t\t\t\t\t\t\t\t\t<\/div>\n\t\t\t\t\t\t\n\t\t\t\t<div style=\"clear:both\"><\/div>\n\t\t\t\t\t\t\t\t<input type=\"hidden\" name=\"ur-registration-language\" value=\"fr-BE\"\/>\n\t\t\t\t<input type=\"hidden\" name=\"ur-user-form-id\" value=\"321\"\/>\n\t\t\t\t<input type=\"hidden\" name=\"ur-redirect-url\" value=\"\"\/>\n\t\t\t\t<input type=\"hidden\" id=\"ur_frontend_form_nonce\" name=\"ur_frontend_form_nonce\" value=\"801ea98faa\" \/>\n\t\t\t\t\n\t\t\t<\/form>\n\t\t\t\n\t\t<div style=\"clear:both\"><\/div>\n\t<\/div>\n\n\n","protected":false},"excerpt":{"rendered":"","protected":false},"author":1,"featured_media":0,"parent":0,"menu_order":0,"comment_status":"closed","ping_status":"closed","template":"","meta":{"_et_pb_use_builder":"","_et_pb_old_content":"","_et_gb_content_width":"1080","footnotes":""},"class_list":["post-323","page","type-page","status-publish","hentry"],"_links":{"self":[{"href":"https:\/\/openfreego.be\/index.php\/wp-json\/wp\/v2\/pages\/323","targetHints":{"allow":["GET"]}}],"collection":[{"href":"https:\/\/openfreego.be\/index.php\/wp-json\/wp\/v2\/pages"}],"about":[{"href":"https:\/\/openfreego.be\/index.php\/wp-json\/wp\/v2\/types\/page"}],"author":[{"embeddable":true,"href":"https:\/\/openfreego.be\/index.php\/wp-json\/wp\/v2\/users\/1"}],"replies":[{"embeddable":true,"href":"https:\/\/openfreego.be\/index.php\/wp-json\/wp\/v2\/comments?post=323"}],"version-history":[{"count":2,"href":"https:\/\/openfreego.be\/index.php\/wp-json\/wp\/v2\/pages\/323\/revisions"}],"predecessor-version":[{"id":329,"href":"https:\/\/openfreego.be\/index.php\/wp-json\/wp\/v2\/pages\/323\/revisions\/329"}],"wp:attachment":[{"href":"https:\/\/openfreego.be\/index.php\/wp-json\/wp\/v2\/media?parent=323"}],"curies":[{"name":"wp","href":"https:\/\/api.w.org\/{rel}","templated":true}]}}